{"id":56,"date":"2019-12-23T14:19:22","date_gmt":"2019-12-23T14:19:22","guid":{"rendered":"https:\/\/hasimajelevator.com\/?page_id=56"},"modified":"2023-11-08T13:47:50","modified_gmt":"2023-11-08T13:47:50","slug":"rreth-nesh","status":"publish","type":"page","link":"https:\/\/hasimajelevator.com\/index.php\/rreth-nesh\/","title":{"rendered":"RRETH NESH"},"content":{"rendered":"<div class=\"wpb-content-wrapper\"><p>[vc_row css=&#8221;.vc_custom_1592387201699{padding-top: 40px !important;padding-bottom: 40px !important;}&#8221;][vc_column width=&#8221;1\/2&#8243;][vc_empty_space height=&#8221;40px&#8221;][vc_custom_heading text=&#8221;Rreth Nesh&#8221; font_container=&#8221;tag:h2|text_align:left|color:%231d59c8&#8243; google_fonts=&#8221;font_family:Roboto%3A100%2C100italic%2C300%2C300italic%2Cregular%2Citalic%2C500%2C500italic%2C700%2C700italic%2C900%2C900italic|font_style:300%20light%20regular%3A300%3Anormal&#8221;][vc_empty_space height=&#8221;15px&#8221;][vc_column_text]<\/p>\n<p style=\"text-align: justify;\">HASIMAJ ELEVATOR COMPANY Sh.p.k \u00ebsht\u00eb nj\u00eb nd\u00ebr kompanit\u00eb m\u00eb t\u00eb m\u00ebdha n\u00eb tregun Shqiptar q\u00eb operon n\u00eb fush\u00ebn e Import \u2013 Eksport-it te Ashensor\u00ebve, Shkall\u00ebve L\u00ebviz\u00ebse, Tapet\u00ebve L\u00ebviz\u00ebs, Sistemeve t\u00eb Parkimit, Aksesor\u00ebve t\u00eb ashensor\u00ebve, Modernizimin e ashensoreve te vjeter egzistues, Montimin dhe Mir\u00ebmbajtjen e tyre. Ka filluar aktivitetin n\u00eb vitin 2010, me vendodhje n\u00eb Tiran\u00eb. Hasimaj Elevator Company ofron produkte me cil\u00ebsi t\u00eb lart\u00eb dhe sh\u00ebrbim t\u00eb shpejt\u00eb p\u00ebr nj\u00eb gam\u00eb t\u00eb gjer\u00eb produktesh p\u00ebr t\u00eb p\u00ebrmbushur k\u00ebrkesat e cdo klienti.<\/p>\n<p style=\"text-align: justify;\">Furnitori me t\u00eb cilin Ne bashk\u00ebpunojme eshte kompania DOPPLER S.A, kompani Greke, prezente ne 67 vende te bot\u00ebs dhe Hasimaj Elevator Company \u00ebsht\u00eb distributor i vetem i autorizuar i produkteve t\u00eb tyre ne Shqip\u00ebri. Prodhimi i cdo produkti \u00ebsht\u00eb sipas Standarteve dhe Direktivave Europiane EN 81-20\/50, EN 81-21, EN 81-28, 2014\/33\/EU.<\/p>\n<p style=\"text-align: justify;\">Q\u00ebllimi yn\u00eb \u00ebsht\u00eb q\u00eb klient\u00ebve tan\u00eb t`ju ofrojm\u00eb asistenc\u00eb, konsulenc\u00eb, inspektim, mirembajtje, modernizim te asehnsoreve, komponent\u00ebve dhe sh\u00ebrbimeve t\u00eb\u00a0ofruara p\u00ebrpara dhe pas cdo shitjeje.<\/p>\n<p>[\/vc_column_text][\/vc_column][vc_column width=&#8221;1\/2&#8243;][vc_empty_space height=&#8221;30px&#8221;][vc_single_image image=&#8221;365&#8243; img_size=&#8221;600&#215;500&#8243; alignment=&#8221;center&#8221; image_hovers=&#8221;false&#8221; css=&#8221;.vc_custom_1593441937353{padding-top: 30px !important;}&#8221;][\/vc_column][\/vc_row][vc_row bg_type=&#8221;image&#8221; parallax_style=&#8221;vcpb-default&#8221; bg_image_new=&#8221;id^48|url^https:\/\/hasimajelevator.com\/wp-content\/uploads\/2019\/12\/paralax.jpg|caption^null|alt^null|title^null|description^null&#8221; bg_image_repeat=&#8221;no-repeat&#8221; bg_override=&#8221;ex-full&#8221;][vc_column][vc_empty_space height=&#8221;22px&#8221;][vc_custom_heading text=&#8221;PER BASHKEPUNIME&#8221; font_container=&#8221;tag:h3|text_align:center|color:%23ffffff&#8221; google_fonts=&#8221;font_family:Roboto%3A100%2C100italic%2C300%2C300italic%2Cregular%2Citalic%2C500%2C500italic%2C700%2C700italic%2C900%2C900italic|font_style:300%20light%20regular%3A300%3Anormal&#8221;][vc_custom_heading text=&#8221;NA KONTAKTONI&#8221; font_container=&#8221;tag:h2|text_align:center|color:%23ffffff&#8221; google_fonts=&#8221;font_family:Roboto%3A100%2C100italic%2C300%2C300italic%2Cregular%2Citalic%2C500%2C500italic%2C700%2C700italic%2C900%2C900italic|font_style:400%20regular%3A400%3Anormal&#8221;][vc_empty_space height=&#8221;22px&#8221;][vc_btn title=&#8221;KONTAKT&#8221; style=&#8221;outline-custom&#8221; outline_custom_color=&#8221;#ffffff&#8221; outline_custom_hover_background=&#8221;#3366cc&#8221; outline_custom_hover_text=&#8221;#ffffff&#8221; shape=&#8221;square&#8221; align=&#8221;center&#8221; link=&#8221;url:https%3A%2F%2Fhasimajelevator.com%2Findex.php%2Fkontakt%2F|title:KONTAKT||&#8221;][\/vc_column][\/vc_row]<\/p>\n<\/div>","protected":false},"excerpt":{"rendered":"<p>[vc_row css=&#8221;.vc_custom_1592387201699{padding-top: 40px !important;padding-bottom: 40px !important;}&#8221;][vc_column width=&#8221;1\/2&#8243;][vc_empty_space height=&#8221;40px&#8221;][vc_custom_heading text=&#8221;Rreth Nesh&#8221; font_container=&#8221;tag:h2|text_align:left|color:%231d59c8&#8243; google_fonts=&#8221;font_family:Roboto%3A100%2C100italic%2C300%2C300italic%2Cregular%2Citalic%2C500%2C500italic%2C700%2C700italic%2C900%2C900italic|font_style:300%20light%20regular%3A300%3Anormal&#8221;][vc_empty_space height=&#8221;15px&#8221;][vc_column_text] HASIMAJ ELEVATOR COMPANY Sh.p.k \u00ebsht\u00eb nj\u00eb nd\u00ebr kompanit\u00eb m\u00eb t\u00eb m\u00ebdha n\u00eb tregun Shqiptar q\u00eb operon n\u00eb fush\u00ebn e Import \u2013 Eksport-it te Ashensor\u00ebve, Shkall\u00ebve L\u00ebviz\u00ebse, Tapet\u00ebve L\u00ebviz\u00ebs, Sistemeve t\u00eb Parkimit, Aksesor\u00ebve t\u00eb ashensor\u00ebve, Modernizimin e ashensoreve te vjeter egzistues, Montimin dhe&hellip;<\/p>\n","protected":false},"author":1,"featured_media":0,"parent":0,"menu_order":0,"comment_status":"closed","ping_status":"closed","template":"","meta":{"footnotes":""},"class_list":["post-56","page","type-page","status-publish","hentry","description-off"],"_links":{"self":[{"href":"https:\/\/hasimajelevator.com\/index.php\/wp-json\/wp\/v2\/pages\/56","targetHints":{"allow":["GET"]}}],"collection":[{"href":"https:\/\/hasimajelevator.com\/index.php\/wp-json\/wp\/v2\/pages"}],"about":[{"href":"https:\/\/hasimajelevator.com\/index.php\/wp-json\/wp\/v2\/types\/page"}],"author":[{"embeddable":true,"href":"https:\/\/hasimajelevator.com\/index.php\/wp-json\/wp\/v2\/users\/1"}],"replies":[{"embeddable":true,"href":"https:\/\/hasimajelevator.com\/index.php\/wp-json\/wp\/v2\/comments?post=56"}],"version-history":[{"count":9,"href":"https:\/\/hasimajelevator.com\/index.php\/wp-json\/wp\/v2\/pages\/56\/revisions"}],"predecessor-version":[{"id":375,"href":"https:\/\/hasimajelevator.com\/index.php\/wp-json\/wp\/v2\/pages\/56\/revisions\/375"}],"wp:attachment":[{"href":"https:\/\/hasimajelevator.com\/index.php\/wp-json\/wp\/v2\/media?parent=56"}],"curies":[{"name":"wp","href":"https:\/\/api.w.org\/{rel}","templated":true}]}}