{"id":307,"date":"2020-06-22T15:01:01","date_gmt":"2020-06-22T15:01:01","guid":{"rendered":"https:\/\/hasimajelevator.com\/?page_id=307"},"modified":"2023-11-08T13:55:28","modified_gmt":"2023-11-08T13:55:28","slug":"platforme-pak","status":"publish","type":"page","link":"https:\/\/hasimajelevator.com\/index.php\/platforme-pak\/","title":{"rendered":"Platform\u00eb PAK"},"content":{"rendered":"<div class=\"wpb-content-wrapper\"><p>[vc_row][vc_column width=&#8221;1\/2&#8243; offset=&#8221;vc_hidden-sm vc_hidden-xs&#8221;][vc_empty_space height=&#8221;42px&#8221;][vc_custom_heading text=&#8221;PLATFORM\u00cb PAK&#8221; font_container=&#8221;tag:h3|text_align:left|color:%231d59c8&#8243; google_fonts=&#8221;font_family:Roboto%3A100%2C100italic%2C300%2C300italic%2Cregular%2Citalic%2C500%2C500italic%2C700%2C700italic%2C900%2C900italic|font_style:300%20light%20regular%3A300%3Anormal&#8221;][vc_column_text]Ofrojm\u00eb platforma PAK t\u00eb cilat jan\u00eb krijuar p\u00ebr t&amp;#39;i sh\u00ebrbyer nevojave t\u00eb ve\u00e7anta t\u00eb personave me aftesi te kufizuara n\u00eb mjedise t\u00eb brendshme dhe n\u00eb mjedise t\u00eb jashtme.<br \/>\nLlojet e platformave PAK jan\u00eb:[\/vc_column_text]<div class=\"standard-arrow list-divider bullet-top\"><ul>\n<li>Platforme Stairlift jan\u00eb forma m\u00eb praktike e transportit n\u00eb nj\u00eb shkall\u00eb. Ata mund t\u00eb transportojn\u00eb karrige me rrota ose njer\u00ebz t\u00eb ulur<br \/>\nn\u00eb karrigen e palosshme.<\/li>\n<li>Chair Stairlift (Karrige ne Shkall\u00eb) jan\u00eb nj\u00eb m\u00ebnyr\u00eb ekonomike dhe e thjesht\u00eb p\u00ebr t\u00eb ngjitur shkall\u00ebt n\u00eb sht\u00ebpin\u00eb tuaj. Leht\u00eb p\u00ebr tu instaluar, ata nuk kan\u00eb nevoj\u00eb p\u00ebr ndonj\u00eb ndryshim strukturor n\u00eb shkall\u00ebt tuaja.<\/li>\n<li>Platformat vertikale (Vertical Platformlift) mund t\u00eb p\u00ebrdoren nga personat me karrike me rrota dhe nga k\u00ebmb\u00ebsor\u00ebt. Ato paraqesin nj\u00eb alternative ekonomike p\u00ebr ashensor\u00ebt me lart\u00ebsi ngrit\u00ebse t\u00eb kufizuar.<\/li>\n<li>Stairclimbers paraqesin nj\u00eb m\u00ebnyr\u00eb shum\u00eb t\u00eb thjesht\u00eb p\u00ebr t\u00eb transportuar\u00a0 personat me karrige me rrota p\u00ebrgjat\u00eb shkall\u00ebve t\u00eb drejta. Ato mund t\u00eb transportohen nd\u00ebrmjet shkall\u00ebve t\u00eb ndryshme.<\/li>\n<\/ul>\n<\/div>[\/vc_column][vc_column width=&#8221;1\/2&#8243; offset=&#8221;vc_hidden-sm vc_hidden-xs&#8221;][vc_media_grid style=&#8221;pagination&#8221; items_per_page=&#8221;1&#8243; element_width=&#8221;12&#8243; paging_color=&#8221;blue&#8221; grid_id=&#8221;vc_gid:1699451672564-f14689c1-5c7d-1&#8243; include=&#8221;314,309,310,311,312,313&#8243;][\/vc_column][\/vc_row]<\/p>\n<\/div>","protected":false},"excerpt":{"rendered":"<p>[vc_row][vc_column width=&#8221;1\/2&#8243; offset=&#8221;vc_hidden-sm vc_hidden-xs&#8221;][vc_empty_space height=&#8221;42px&#8221;][vc_custom_heading text=&#8221;PLATFORM\u00cb PAK&#8221; font_container=&#8221;tag:h3|text_align:left|color:%231d59c8&#8243; google_fonts=&#8221;font_family:Roboto%3A100%2C100italic%2C300%2C300italic%2Cregular%2Citalic%2C500%2C500italic%2C700%2C700italic%2C900%2C900italic|font_style:300%20light%20regular%3A300%3Anormal&#8221;][vc_column_text]Ofrojm\u00eb platforma PAK t\u00eb cilat jan\u00eb krijuar p\u00ebr t&amp;#39;i sh\u00ebrbyer nevojave t\u00eb ve\u00e7anta t\u00eb personave me aftesi te kufizuara n\u00eb mjedise t\u00eb brendshme dhe n\u00eb mjedise t\u00eb jashtme. Llojet e platformave PAK jan\u00eb:[\/vc_column_text][\/vc_column][vc_column width=&#8221;1\/2&#8243; offset=&#8221;vc_hidden-sm vc_hidden-xs&#8221;][vc_media_grid style=&#8221;pagination&#8221; items_per_page=&#8221;1&#8243; element_width=&#8221;12&#8243; paging_color=&#8221;blue&#8221; grid_id=&#8221;vc_gid:1699451672564-f14689c1-5c7d-1&#8243; include=&#8221;314,309,310,311,312,313&#8243;][\/vc_column][\/vc_row]<\/p>\n","protected":false},"author":1,"featured_media":0,"parent":0,"menu_order":0,"comment_status":"closed","ping_status":"closed","template":"","meta":{"footnotes":""},"class_list":["post-307","page","type-page","status-publish","hentry","description-off"],"_links":{"self":[{"href":"https:\/\/hasimajelevator.com\/index.php\/wp-json\/wp\/v2\/pages\/307","targetHints":{"allow":["GET"]}}],"collection":[{"href":"https:\/\/hasimajelevator.com\/index.php\/wp-json\/wp\/v2\/pages"}],"about":[{"href":"https:\/\/hasimajelevator.com\/index.php\/wp-json\/wp\/v2\/types\/page"}],"author":[{"embeddable":true,"href":"https:\/\/hasimajelevator.com\/index.php\/wp-json\/wp\/v2\/users\/1"}],"replies":[{"embeddable":true,"href":"https:\/\/hasimajelevator.com\/index.php\/wp-json\/wp\/v2\/comments?post=307"}],"version-history":[{"count":5,"href":"https:\/\/hasimajelevator.com\/index.php\/wp-json\/wp\/v2\/pages\/307\/revisions"}],"predecessor-version":[{"id":393,"href":"https:\/\/hasimajelevator.com\/index.php\/wp-json\/wp\/v2\/pages\/307\/revisions\/393"}],"wp:attachment":[{"href":"https:\/\/hasimajelevator.com\/index.php\/wp-json\/wp\/v2\/media?parent=307"}],"curies":[{"name":"wp","href":"https:\/\/api.w.org\/{rel}","templated":true}]}}