{"id":289,"date":"2020-06-22T14:45:01","date_gmt":"2020-06-22T14:45:01","guid":{"rendered":"https:\/\/hasimajelevator.com\/?page_id=289"},"modified":"2023-11-09T14:09:03","modified_gmt":"2023-11-09T14:09:03","slug":"ashensor-inclined","status":"publish","type":"page","link":"https:\/\/hasimajelevator.com\/index.php\/ashensor-inclined\/","title":{"rendered":"Ashensor Inclined"},"content":{"rendered":"<div class=\"wpb-content-wrapper\"><p>[vc_row][vc_column width=&#8221;1\/2&#8243; offset=&#8221;vc_hidden-sm vc_hidden-xs&#8221;][vc_empty_space height=&#8221;42px&#8221;][vc_empty_space height=&#8221;42px&#8221;][vc_custom_heading text=&#8221;ASHENSOR INCLINED&#8221; font_container=&#8221;tag:h3|text_align:left|color:%231d59c8&#8243; google_fonts=&#8221;font_family:Roboto%3A100%2C100italic%2C300%2C300italic%2Cregular%2Citalic%2C500%2C500italic%2C700%2C700italic%2C900%2C900italic|font_style:300%20light%20regular%3A300%3Anormal&#8221;][vc_empty_space height=&#8221;12px&#8221;][vc_column_text]Ashensor\u00ebt Inclined (T\u00eb pjerr\u00ebt) jan\u00eb p\u00ebrshtatur p\u00ebr t\u00eb p\u00ebrmbushur k\u00ebrkesat individuale t\u00eb secilit projekt dhe p\u00ebr t\u00eb siguruar lidhjen e leht\u00eb t\u00eb \u00e7do niveli nd\u00ebrtimi dhe jane ideale p\u00ebr Hotelet dhe Resortet. Instalohen n\u00eb mjedise te brendshme dhe t\u00eb jashtme, jan\u00eb t\u00eb leht\u00eb p\u00ebr t\u2019u p\u00ebrdorur dhe ofrojn\u00eb transport t\u00eb sigurt dhe t\u00eb leht\u00eb p\u00ebrgjat\u00eb lart\u00ebsive.[\/vc_column_text][\/vc_column][vc_column width=&#8221;1\/2&#8243; offset=&#8221;vc_hidden-sm vc_hidden-xs&#8221;][vc_media_grid style=&#8221;pagination&#8221; items_per_page=&#8221;1&#8243; element_width=&#8221;12&#8243; paging_color=&#8221;blue&#8221; grid_id=&#8221;vc_gid:1699538932836-28c560f2-6e3e-8&#8243; include=&#8221;294,292&#8243;][\/vc_column][\/vc_row]<\/p>\n<\/div>","protected":false},"excerpt":{"rendered":"<p>[vc_row][vc_column width=&#8221;1\/2&#8243; offset=&#8221;vc_hidden-sm vc_hidden-xs&#8221;][vc_empty_space height=&#8221;42px&#8221;][vc_empty_space height=&#8221;42px&#8221;][vc_custom_heading text=&#8221;ASHENSOR INCLINED&#8221; font_container=&#8221;tag:h3|text_align:left|color:%231d59c8&#8243; google_fonts=&#8221;font_family:Roboto%3A100%2C100italic%2C300%2C300italic%2Cregular%2Citalic%2C500%2C500italic%2C700%2C700italic%2C900%2C900italic|font_style:300%20light%20regular%3A300%3Anormal&#8221;][vc_empty_space height=&#8221;12px&#8221;][vc_column_text]Ashensor\u00ebt Inclined (T\u00eb pjerr\u00ebt) jan\u00eb p\u00ebrshtatur p\u00ebr t\u00eb p\u00ebrmbushur k\u00ebrkesat individuale t\u00eb secilit projekt dhe p\u00ebr t\u00eb siguruar lidhjen e leht\u00eb t\u00eb \u00e7do niveli nd\u00ebrtimi dhe jane ideale p\u00ebr Hotelet dhe Resortet. Instalohen n\u00eb mjedise te brendshme dhe t\u00eb jashtme, jan\u00eb t\u00eb leht\u00eb p\u00ebr t\u2019u&hellip;<\/p>\n","protected":false},"author":1,"featured_media":0,"parent":0,"menu_order":0,"comment_status":"closed","ping_status":"closed","template":"","meta":{"footnotes":""},"class_list":["post-289","page","type-page","status-publish","hentry","description-off"],"_links":{"self":[{"href":"https:\/\/hasimajelevator.com\/index.php\/wp-json\/wp\/v2\/pages\/289","targetHints":{"allow":["GET"]}}],"collection":[{"href":"https:\/\/hasimajelevator.com\/index.php\/wp-json\/wp\/v2\/pages"}],"about":[{"href":"https:\/\/hasimajelevator.com\/index.php\/wp-json\/wp\/v2\/types\/page"}],"author":[{"embeddable":true,"href":"https:\/\/hasimajelevator.com\/index.php\/wp-json\/wp\/v2\/users\/1"}],"replies":[{"embeddable":true,"href":"https:\/\/hasimajelevator.com\/index.php\/wp-json\/wp\/v2\/comments?post=289"}],"version-history":[{"count":4,"href":"https:\/\/hasimajelevator.com\/index.php\/wp-json\/wp\/v2\/pages\/289\/revisions"}],"predecessor-version":[{"id":624,"href":"https:\/\/hasimajelevator.com\/index.php\/wp-json\/wp\/v2\/pages\/289\/revisions\/624"}],"wp:attachment":[{"href":"https:\/\/hasimajelevator.com\/index.php\/wp-json\/wp\/v2\/media?parent=289"}],"curies":[{"name":"wp","href":"https:\/\/api.w.org\/{rel}","templated":true}]}}