{"id":280,"date":"2020-06-22T14:20:47","date_gmt":"2020-06-22T14:20:47","guid":{"rendered":"https:\/\/hasimajelevator.com\/?page_id=280"},"modified":"2023-11-08T13:52:19","modified_gmt":"2023-11-08T13:52:19","slug":"ashensor-makinash","status":"publish","type":"page","link":"https:\/\/hasimajelevator.com\/index.php\/ashensor-makinash\/","title":{"rendered":"Ashensor Makinash"},"content":{"rendered":"<div class=\"wpb-content-wrapper\"><p>[vc_row][vc_column width=&#8221;1\/2&#8243; offset=&#8221;vc_hidden-sm vc_hidden-xs&#8221;][vc_empty_space height=&#8221;42px&#8221;][vc_empty_space height=&#8221;42px&#8221;][vc_custom_heading text=&#8221;ASHENSOR MAKINASH&#8221; font_container=&#8221;tag:h3|text_align:left|color:%231d59c8&#8243; google_fonts=&#8221;font_family:Roboto%3A100%2C100italic%2C300%2C300italic%2Cregular%2Citalic%2C500%2C500italic%2C700%2C700italic%2C900%2C900italic|font_style:300%20light%20regular%3A300%3Anormal&#8221;][vc_empty_space height=&#8221;12px&#8221;][vc_column_text]Ofrojm\u00eb ashensor\u00eb makinash ku nd\u00ebrtimi i tyre \u00ebsht\u00eb menduar deri n\u00eb detajet m\u00eb t\u00eb vogla, dhe jan\u00eb zgjedhje ideale n\u00eb parkime private dhe publike, p\u00ebr ofruar hyrjen dhe daljen p\u00ebr \u00e7do automjet me siguri maksimale.<br \/>\nDisa nga karakteristikat e tyre kryesore jan\u00eb:[\/vc_column_text]<div class=\"standard-arrow bullet-top\"><ul>\n<li>Hidraulik dhe Elektrik<\/li>\n<li>Shpejt\u00ebsi nga 0.63m\/s \u2013 1m\/s<\/li>\n<li>Kapaciteti nga 3.000 kg \u2013 5.000kg<\/li>\n<li>Te pajisura me sistem emergjence<\/li>\n<li>Konfrom Standarteve EN 81-20\/50, EN 81-21<\/li>\n<li>Prodhuar sipas Direktivave 2014\/33\/EU.<\/li>\n<\/ul>\n<\/div>[\/vc_column][vc_column width=&#8221;1\/2&#8243; offset=&#8221;vc_hidden-sm vc_hidden-xs&#8221;][vc_media_grid style=&#8221;pagination&#8221; items_per_page=&#8221;1&#8243; element_width=&#8221;12&#8243; paging_color=&#8221;mulled_wine&#8221; grid_id=&#8221;vc_gid:1699451520754-21ef6475-fbf5-9&#8243; include=&#8221;285,284,299&#8243;][\/vc_column][\/vc_row]<\/p>\n<\/div>","protected":false},"excerpt":{"rendered":"<p>[vc_row][vc_column width=&#8221;1\/2&#8243; offset=&#8221;vc_hidden-sm vc_hidden-xs&#8221;][vc_empty_space height=&#8221;42px&#8221;][vc_empty_space height=&#8221;42px&#8221;][vc_custom_heading text=&#8221;ASHENSOR MAKINASH&#8221; font_container=&#8221;tag:h3|text_align:left|color:%231d59c8&#8243; google_fonts=&#8221;font_family:Roboto%3A100%2C100italic%2C300%2C300italic%2Cregular%2Citalic%2C500%2C500italic%2C700%2C700italic%2C900%2C900italic|font_style:300%20light%20regular%3A300%3Anormal&#8221;][vc_empty_space height=&#8221;12px&#8221;][vc_column_text]Ofrojm\u00eb ashensor\u00eb makinash ku nd\u00ebrtimi i tyre \u00ebsht\u00eb menduar deri n\u00eb detajet m\u00eb t\u00eb vogla, dhe jan\u00eb zgjedhje ideale n\u00eb parkime private dhe publike, p\u00ebr ofruar hyrjen dhe daljen p\u00ebr \u00e7do automjet me siguri maksimale. Disa nga karakteristikat e tyre kryesore jan\u00eb:[\/vc_column_text][\/vc_column][vc_column width=&#8221;1\/2&#8243; offset=&#8221;vc_hidden-sm vc_hidden-xs&#8221;][vc_media_grid&hellip;<\/p>\n","protected":false},"author":1,"featured_media":0,"parent":0,"menu_order":0,"comment_status":"closed","ping_status":"closed","template":"","meta":{"footnotes":""},"class_list":["post-280","page","type-page","status-publish","hentry","description-off"],"_links":{"self":[{"href":"https:\/\/hasimajelevator.com\/index.php\/wp-json\/wp\/v2\/pages\/280","targetHints":{"allow":["GET"]}}],"collection":[{"href":"https:\/\/hasimajelevator.com\/index.php\/wp-json\/wp\/v2\/pages"}],"about":[{"href":"https:\/\/hasimajelevator.com\/index.php\/wp-json\/wp\/v2\/types\/page"}],"author":[{"embeddable":true,"href":"https:\/\/hasimajelevator.com\/index.php\/wp-json\/wp\/v2\/users\/1"}],"replies":[{"embeddable":true,"href":"https:\/\/hasimajelevator.com\/index.php\/wp-json\/wp\/v2\/comments?post=280"}],"version-history":[{"count":5,"href":"https:\/\/hasimajelevator.com\/index.php\/wp-json\/wp\/v2\/pages\/280\/revisions"}],"predecessor-version":[{"id":382,"href":"https:\/\/hasimajelevator.com\/index.php\/wp-json\/wp\/v2\/pages\/280\/revisions\/382"}],"wp:attachment":[{"href":"https:\/\/hasimajelevator.com\/index.php\/wp-json\/wp\/v2\/media?parent=280"}],"curies":[{"name":"wp","href":"https:\/\/api.w.org\/{rel}","templated":true}]}}