{"id":265,"date":"2020-06-22T14:03:01","date_gmt":"2020-06-22T14:03:01","guid":{"rendered":"https:\/\/hasimajelevator.com\/?page_id=265"},"modified":"2023-11-08T13:51:24","modified_gmt":"2023-11-08T13:51:24","slug":"ashensor-industrial","status":"publish","type":"page","link":"https:\/\/hasimajelevator.com\/index.php\/ashensor-industrial\/","title":{"rendered":"Ashensor Industrial"},"content":{"rendered":"<div class=\"wpb-content-wrapper\"><p>[vc_row][vc_column width=&#8221;1\/2&#8243; offset=&#8221;vc_hidden-sm vc_hidden-xs&#8221;][vc_custom_heading text=&#8221;ASHENSOR INDUSTRIAL&#8221; font_container=&#8221;tag:h3|text_align:left|color:%231d59c8&#8243; google_fonts=&#8221;font_family:Roboto%3A100%2C100italic%2C300%2C300italic%2Cregular%2Citalic%2C500%2C500italic%2C700%2C700italic%2C900%2C900italic|font_style:300%20light%20regular%3A300%3Anormal&#8221;][vc_empty_space height=&#8221;12px&#8221;][vc_column_text]Ofrojm\u00eb ashensor industrial, t\u00eb cilet jan\u00eb zgjedhje ideale p\u00ebr nd\u00ebrtesat me funksion prodhimi dhe treg\u00ebtar<br \/>\nKarakterizohen nga siguria, estetika, fort\u00ebsia, funksionaliteti dhe leht\u00ebsia e instalimit.<br \/>\nDisa nga karakteristikat e tyre kryesore jan\u00eb:[\/vc_column_text]<div class=\"standard-arrow bullet-top\"><ul>\n<li>Ashensor Elektrik ose Ashensor Hidraulik<\/li>\n<li>Shpejt\u00ebsi nga 0.63m\/s-1m\/s<\/li>\n<li>Kapaciteti nga 1.000kg &#8211; 11.000kg<\/li>\n<li>Te pajisura me sistem emergjence<\/li>\n<li>Konfrom Standarteve EN 81-20\/50, EN 81-21<\/li>\n<li>Prodhuar sipas Direktivave 2014\/33\/EU.<\/li>\n<\/ul>\n<\/div>[\/vc_column][vc_column width=&#8221;1\/2&#8243; offset=&#8221;vc_hidden-sm vc_hidden-xs&#8221;][vc_empty_space height=&#8221;50px&#8221;][vc_row_inner][vc_column_inner][vc_single_image image=&#8221;357&#8243; img_size=&#8221;full&#8221;][\/vc_column_inner][\/vc_row_inner][\/vc_column][\/vc_row]<\/p>\n<\/div>","protected":false},"excerpt":{"rendered":"<p>[vc_row][vc_column width=&#8221;1\/2&#8243; offset=&#8221;vc_hidden-sm vc_hidden-xs&#8221;][vc_custom_heading text=&#8221;ASHENSOR INDUSTRIAL&#8221; font_container=&#8221;tag:h3|text_align:left|color:%231d59c8&#8243; google_fonts=&#8221;font_family:Roboto%3A100%2C100italic%2C300%2C300italic%2Cregular%2Citalic%2C500%2C500italic%2C700%2C700italic%2C900%2C900italic|font_style:300%20light%20regular%3A300%3Anormal&#8221;][vc_empty_space height=&#8221;12px&#8221;][vc_column_text]Ofrojm\u00eb ashensor industrial, t\u00eb cilet jan\u00eb zgjedhje ideale p\u00ebr nd\u00ebrtesat me funksion prodhimi dhe treg\u00ebtar Karakterizohen nga siguria, estetika, fort\u00ebsia, funksionaliteti dhe leht\u00ebsia e instalimit. Disa nga karakteristikat e tyre kryesore jan\u00eb:[\/vc_column_text][\/vc_column][vc_column width=&#8221;1\/2&#8243; offset=&#8221;vc_hidden-sm vc_hidden-xs&#8221;][vc_empty_space height=&#8221;50px&#8221;][vc_row_inner][vc_column_inner][vc_single_image image=&#8221;357&#8243; img_size=&#8221;full&#8221;][\/vc_column_inner][\/vc_row_inner][\/vc_column][\/vc_row]<\/p>\n","protected":false},"author":1,"featured_media":0,"parent":0,"menu_order":0,"comment_status":"closed","ping_status":"closed","template":"","meta":{"footnotes":""},"class_list":["post-265","page","type-page","status-publish","hentry","description-off"],"_links":{"self":[{"href":"https:\/\/hasimajelevator.com\/index.php\/wp-json\/wp\/v2\/pages\/265","targetHints":{"allow":["GET"]}}],"collection":[{"href":"https:\/\/hasimajelevator.com\/index.php\/wp-json\/wp\/v2\/pages"}],"about":[{"href":"https:\/\/hasimajelevator.com\/index.php\/wp-json\/wp\/v2\/types\/page"}],"author":[{"embeddable":true,"href":"https:\/\/hasimajelevator.com\/index.php\/wp-json\/wp\/v2\/users\/1"}],"replies":[{"embeddable":true,"href":"https:\/\/hasimajelevator.com\/index.php\/wp-json\/wp\/v2\/comments?post=265"}],"version-history":[{"count":8,"href":"https:\/\/hasimajelevator.com\/index.php\/wp-json\/wp\/v2\/pages\/265\/revisions"}],"predecessor-version":[{"id":380,"href":"https:\/\/hasimajelevator.com\/index.php\/wp-json\/wp\/v2\/pages\/265\/revisions\/380"}],"wp:attachment":[{"href":"https:\/\/hasimajelevator.com\/index.php\/wp-json\/wp\/v2\/media?parent=265"}],"curies":[{"name":"wp","href":"https:\/\/api.w.org\/{rel}","templated":true}]}}