{"id":245,"date":"2020-06-22T13:41:37","date_gmt":"2020-06-22T13:41:37","guid":{"rendered":"https:\/\/hasimajelevator.com\/?page_id=245"},"modified":"2023-11-08T13:48:53","modified_gmt":"2023-11-08T13:48:53","slug":"ashensor-hidraulik","status":"publish","type":"page","link":"https:\/\/hasimajelevator.com\/index.php\/ashensor-hidraulik\/","title":{"rendered":"Ashensor Hidraulik"},"content":{"rendered":"<div class=\"wpb-content-wrapper\"><p>[vc_row][vc_column width=&#8221;1\/2&#8243; offset=&#8221;vc_hidden-sm vc_hidden-xs&#8221;][vc_empty_space height=&#8221;42px&#8221;][vc_custom_heading text=&#8221;ASHENSOR HIDRAULIK&#8221; font_container=&#8221;tag:h3|text_align:left|color:%231d59c8&#8243; google_fonts=&#8221;font_family:Roboto%3A100%2C100italic%2C300%2C300italic%2Cregular%2Citalic%2C500%2C500italic%2C700%2C700italic%2C900%2C900italic|font_style:300%20light%20regular%3A300%3Anormal&#8221;][vc_empty_space height=&#8221;12px&#8221;][vc_column_text]Ashensor\u00ebt hidraulik jan\u00eb nje zgjedhje per t\u00eb mund\u00ebsuar l\u00ebvizjen e njer\u00ebzve n\u00eb t\u00eb gjitha llojet e nd\u00ebrtesave si\u00e7 jan\u00eb ato rezidenciale, treg\u00ebtare, hotele dhe spitale.<br \/>\nAshensor\u00ebt tan\u00eb p\u00ebrfshijn\u00eb cil\u00ebsi, siguri, rehati dhe stil t\u00eb shk\u00eblqyesh\u00ebm n\u00eb \u00e7do rast.<br \/>\nKombinimi i ngjyrave, materialeve, aksesor\u00ebve dhe ndri\u00e7imit t\u00eb ndrysh\u00ebm mund t\u00eb krijoj\u00eb nj\u00eb kabin\u00eb unike.<br \/>\nAshensor\u00ebt hidraulik kan\u00eb keto karakteristika:[\/vc_column_text]<div class=\"standard-arrow bullet-top\"><ul>\n<li>Shpejt\u00ebsi deri n\u00eb 0.63m\/s<\/li>\n<li>Kapacitet nga 300kg -1600kg<\/li>\n<li>T\u00eb p\u00ebrshtatshme n\u00eb nd\u00ebrtesa me gjat\u00ebsi udhetimi deri n\u00eb 18 metra<\/li>\n<li>Te pajisura me sistem emergjence<\/li>\n<li>Jan\u00eb me dhome makinerie (MR) ose pa dhom\u00eb makinerie (MRL)<\/li>\n<li>Konfrom Standarteve EN 81-20\/50, EN 81-21<\/li>\n<li>Prodhuar sipas Direktivave 2014\/33\/EU.<\/li>\n<\/ul>\n<\/div>[\/vc_column][vc_column width=&#8221;1\/2&#8243; offset=&#8221;vc_hidden-sm vc_hidden-xs&#8221;][vc_media_grid style=&#8221;pagination&#8221; items_per_page=&#8221;1&#8243; element_width=&#8221;12&#8243; paging_color=&#8221;mulled_wine&#8221; grid_id=&#8221;vc_gid:1699451323644-89cfe591-4dfe-1&#8243; include=&#8221;249,251,252&#8243;][\/vc_column][\/vc_row]<\/p>\n<\/div>","protected":false},"excerpt":{"rendered":"<p>[vc_row][vc_column width=&#8221;1\/2&#8243; offset=&#8221;vc_hidden-sm vc_hidden-xs&#8221;][vc_empty_space height=&#8221;42px&#8221;][vc_custom_heading text=&#8221;ASHENSOR HIDRAULIK&#8221; font_container=&#8221;tag:h3|text_align:left|color:%231d59c8&#8243; google_fonts=&#8221;font_family:Roboto%3A100%2C100italic%2C300%2C300italic%2Cregular%2Citalic%2C500%2C500italic%2C700%2C700italic%2C900%2C900italic|font_style:300%20light%20regular%3A300%3Anormal&#8221;][vc_empty_space height=&#8221;12px&#8221;][vc_column_text]Ashensor\u00ebt hidraulik jan\u00eb nje zgjedhje per t\u00eb mund\u00ebsuar l\u00ebvizjen e njer\u00ebzve n\u00eb t\u00eb gjitha llojet e nd\u00ebrtesave si\u00e7 jan\u00eb ato rezidenciale, treg\u00ebtare, hotele dhe spitale. Ashensor\u00ebt tan\u00eb p\u00ebrfshijn\u00eb cil\u00ebsi, siguri, rehati dhe stil t\u00eb shk\u00eblqyesh\u00ebm n\u00eb \u00e7do rast. Kombinimi i ngjyrave, materialeve, aksesor\u00ebve dhe ndri\u00e7imit t\u00eb&hellip;<\/p>\n","protected":false},"author":1,"featured_media":0,"parent":0,"menu_order":0,"comment_status":"closed","ping_status":"closed","template":"","meta":{"footnotes":""},"class_list":["post-245","page","type-page","status-publish","hentry","description-off"],"_links":{"self":[{"href":"https:\/\/hasimajelevator.com\/index.php\/wp-json\/wp\/v2\/pages\/245","targetHints":{"allow":["GET"]}}],"collection":[{"href":"https:\/\/hasimajelevator.com\/index.php\/wp-json\/wp\/v2\/pages"}],"about":[{"href":"https:\/\/hasimajelevator.com\/index.php\/wp-json\/wp\/v2\/types\/page"}],"author":[{"embeddable":true,"href":"https:\/\/hasimajelevator.com\/index.php\/wp-json\/wp\/v2\/users\/1"}],"replies":[{"embeddable":true,"href":"https:\/\/hasimajelevator.com\/index.php\/wp-json\/wp\/v2\/comments?post=245"}],"version-history":[{"count":5,"href":"https:\/\/hasimajelevator.com\/index.php\/wp-json\/wp\/v2\/pages\/245\/revisions"}],"predecessor-version":[{"id":377,"href":"https:\/\/hasimajelevator.com\/index.php\/wp-json\/wp\/v2\/pages\/245\/revisions\/377"}],"wp:attachment":[{"href":"https:\/\/hasimajelevator.com\/index.php\/wp-json\/wp\/v2\/media?parent=245"}],"curies":[{"name":"wp","href":"https:\/\/api.w.org\/{rel}","templated":true}]}}