{"id":204,"date":"2020-06-17T11:40:39","date_gmt":"2020-06-17T11:40:39","guid":{"rendered":"https:\/\/hasimajelevator.com\/?page_id=204"},"modified":"2023-11-09T13:52:19","modified_gmt":"2023-11-09T13:52:19","slug":"ashensor-panoramik","status":"publish","type":"page","link":"https:\/\/hasimajelevator.com\/index.php\/ashensor-panoramik\/","title":{"rendered":"Ashensor Panoramik"},"content":{"rendered":"<div class=\"wpb-content-wrapper\"><p>[vc_row][vc_column width=&#8221;1\/2&#8243; offset=&#8221;vc_hidden-sm vc_hidden-xs&#8221;][vc_empty_space height=&#8221;42px&#8221;][vc_empty_space height=&#8221;42px&#8221;][vc_custom_heading text=&#8221;ASHENSOR PANORAMIK&#8221; font_container=&#8221;tag:h3|text_align:left|color:%231d59c8&#8243; google_fonts=&#8221;font_family:Roboto%3A100%2C100italic%2C300%2C300italic%2Cregular%2Citalic%2C500%2C500italic%2C700%2C700italic%2C900%2C900italic|font_style:300%20light%20regular%3A300%3Anormal&#8221;][vc_empty_space height=&#8221;12px&#8221;][vc_column_text]Ofrojm\u00eb ashensor me kabin\u00eb panoramike p\u00ebr ata q\u00eb duan t\u00eb shijojn\u00eb pamjen nga lart. Kabina e ashensor\u00ebve panoramike mund t\u00eb jet\u00eb, gjysm\u00eb rrethore, plot\u00ebsisht rrethore, ose katrore duke ju p\u00ebshtatur cdo k\u00ebrkese.<\/p>\n<p>P\u00ebr shkak t\u00eb fleksibilitetit t\u00eb madh n\u00eb zgjedhjen e formave dhe materialeve, \u00e7do ashensor panoramik \u00ebsht\u00eb gjithmon\u00eb e dizajnuar dhe e nd\u00ebrtuar n\u00eb harmoni absolute me stilin arkitektonik t\u00eb secil\u00ebs nd\u00ebrtes\u00eb.<\/p>\n<p>Esht\u00eb nj\u00eb zgjedhje perfekte p\u00ebr qendra tregtare, rezidenca moderne dhe hotele.[\/vc_column_text][\/vc_column][vc_column width=&#8221;1\/2&#8243; offset=&#8221;vc_hidden-sm vc_hidden-xs&#8221;][vc_media_grid style=&#8221;pagination&#8221; items_per_page=&#8221;1&#8243; element_width=&#8221;12&#8243; paging_color=&#8221;blue&#8221; grid_id=&#8221;vc_gid:1699537925215-93cedb84-c85d-9&#8243; include=&#8221;261,262,263,205&#8243;][\/vc_column][\/vc_row]<\/p>\n<\/div>","protected":false},"excerpt":{"rendered":"<p>[vc_row][vc_column width=&#8221;1\/2&#8243; offset=&#8221;vc_hidden-sm vc_hidden-xs&#8221;][vc_empty_space height=&#8221;42px&#8221;][vc_empty_space height=&#8221;42px&#8221;][vc_custom_heading text=&#8221;ASHENSOR PANORAMIK&#8221; font_container=&#8221;tag:h3|text_align:left|color:%231d59c8&#8243; google_fonts=&#8221;font_family:Roboto%3A100%2C100italic%2C300%2C300italic%2Cregular%2Citalic%2C500%2C500italic%2C700%2C700italic%2C900%2C900italic|font_style:300%20light%20regular%3A300%3Anormal&#8221;][vc_empty_space height=&#8221;12px&#8221;][vc_column_text]Ofrojm\u00eb ashensor me kabin\u00eb panoramike p\u00ebr ata q\u00eb duan t\u00eb shijojn\u00eb pamjen nga lart. Kabina e ashensor\u00ebve panoramike mund t\u00eb jet\u00eb, gjysm\u00eb rrethore, plot\u00ebsisht rrethore, ose katrore duke ju p\u00ebshtatur cdo k\u00ebrkese. P\u00ebr shkak t\u00eb fleksibilitetit t\u00eb madh n\u00eb zgjedhjen e formave dhe materialeve, \u00e7do&hellip;<\/p>\n","protected":false},"author":1,"featured_media":0,"parent":0,"menu_order":0,"comment_status":"closed","ping_status":"closed","template":"","meta":{"footnotes":""},"class_list":["post-204","page","type-page","status-publish","hentry","description-off"],"_links":{"self":[{"href":"https:\/\/hasimajelevator.com\/index.php\/wp-json\/wp\/v2\/pages\/204","targetHints":{"allow":["GET"]}}],"collection":[{"href":"https:\/\/hasimajelevator.com\/index.php\/wp-json\/wp\/v2\/pages"}],"about":[{"href":"https:\/\/hasimajelevator.com\/index.php\/wp-json\/wp\/v2\/types\/page"}],"author":[{"embeddable":true,"href":"https:\/\/hasimajelevator.com\/index.php\/wp-json\/wp\/v2\/users\/1"}],"replies":[{"embeddable":true,"href":"https:\/\/hasimajelevator.com\/index.php\/wp-json\/wp\/v2\/comments?post=204"}],"version-history":[{"count":6,"href":"https:\/\/hasimajelevator.com\/index.php\/wp-json\/wp\/v2\/pages\/204\/revisions"}],"predecessor-version":[{"id":562,"href":"https:\/\/hasimajelevator.com\/index.php\/wp-json\/wp\/v2\/pages\/204\/revisions\/562"}],"wp:attachment":[{"href":"https:\/\/hasimajelevator.com\/index.php\/wp-json\/wp\/v2\/media?parent=204"}],"curies":[{"name":"wp","href":"https:\/\/api.w.org\/{rel}","templated":true}]}}