{"id":191,"date":"2020-06-17T11:31:28","date_gmt":"2020-06-17T11:31:28","guid":{"rendered":"https:\/\/hasimajelevator.com\/?page_id=191"},"modified":"2023-11-08T13:52:10","modified_gmt":"2023-11-08T13:52:10","slug":"platforma-industriale","status":"publish","type":"page","link":"https:\/\/hasimajelevator.com\/index.php\/platforma-industriale\/","title":{"rendered":"Platforma Industriale"},"content":{"rendered":"<div class=\"wpb-content-wrapper\"><p>[vc_row][vc_column width=&#8221;1\/2&#8243; offset=&#8221;vc_hidden-sm vc_hidden-xs&#8221;][vc_empty_space height=&#8221;30px&#8221;][vc_custom_heading text=&#8221;PLATFORMA INDUSTRIALE&#8221; font_container=&#8221;tag:h3|text_align:left|color:%231d59c8&#8243; google_fonts=&#8221;font_family:Roboto%3A100%2C100italic%2C300%2C300italic%2Cregular%2Citalic%2C500%2C500italic%2C700%2C700italic%2C900%2C900italic|font_style:300%20light%20regular%3A300%3Anormal&#8221;][vc_column_text]Ofrojm\u00eb platforma industriale p\u00ebr t\u00eb leht\u00ebsuar dhe p\u00ebrmir\u00ebsuar pun\u00ebn e aktiviteteve prodhuese dhe treg\u00ebtare.<br \/>\nDisa nga karakteristikat e tyre kryesore jan\u00eb:[\/vc_column_text]<div class=\"standard-arrow bullet-top\"><ul>\n<li>Hidraulik<\/li>\n<li>T\u00eb p\u00ebrshtatshme p\u00ebr cdo gjat\u00ebsi udhetimi deri n\u00eb 12 metra<\/li>\n<li>Shpejt\u00ebsi deri n\u00eb 0.15m\/s<\/li>\n<li>Kapaciteti 1.000 kg \u2013 3.000kg<\/li>\n<li>Te pajisura me sistem emergjence<\/li>\n<li>Prodhuar sipas Direktivave per Makinerite 2006\/42\/EC dhe EN81-31.<\/li>\n<\/ul>\n<\/div>[\/vc_column][vc_column width=&#8221;1\/2&#8243; offset=&#8221;vc_hidden-sm vc_hidden-xs&#8221;][vc_media_grid style=&#8221;pagination&#8221; items_per_page=&#8221;1&#8243; element_width=&#8221;12&#8243; paging_color=&#8221;mulled_wine&#8221; autoplay=&#8221;-&#8221; grid_id=&#8221;vc_gid:1699451517693-58c57351-d5d5-10&#8243; include=&#8221;359,192&#8243;][\/vc_column][\/vc_row]<\/p>\n<\/div>","protected":false},"excerpt":{"rendered":"<p>[vc_row][vc_column width=&#8221;1\/2&#8243; offset=&#8221;vc_hidden-sm vc_hidden-xs&#8221;][vc_empty_space height=&#8221;30px&#8221;][vc_custom_heading text=&#8221;PLATFORMA INDUSTRIALE&#8221; font_container=&#8221;tag:h3|text_align:left|color:%231d59c8&#8243; google_fonts=&#8221;font_family:Roboto%3A100%2C100italic%2C300%2C300italic%2Cregular%2Citalic%2C500%2C500italic%2C700%2C700italic%2C900%2C900italic|font_style:300%20light%20regular%3A300%3Anormal&#8221;][vc_column_text]Ofrojm\u00eb platforma industriale p\u00ebr t\u00eb leht\u00ebsuar dhe p\u00ebrmir\u00ebsuar pun\u00ebn e aktiviteteve prodhuese dhe treg\u00ebtare. Disa nga karakteristikat e tyre kryesore jan\u00eb:[\/vc_column_text][\/vc_column][vc_column width=&#8221;1\/2&#8243; offset=&#8221;vc_hidden-sm vc_hidden-xs&#8221;][vc_media_grid style=&#8221;pagination&#8221; items_per_page=&#8221;1&#8243; element_width=&#8221;12&#8243; paging_color=&#8221;mulled_wine&#8221; autoplay=&#8221;-&#8221; grid_id=&#8221;vc_gid:1699451517693-58c57351-d5d5-10&#8243; include=&#8221;359,192&#8243;][\/vc_column][\/vc_row]<\/p>\n","protected":false},"author":1,"featured_media":0,"parent":0,"menu_order":0,"comment_status":"closed","ping_status":"closed","template":"","meta":{"footnotes":""},"class_list":["post-191","page","type-page","status-publish","hentry","description-off"],"_links":{"self":[{"href":"https:\/\/hasimajelevator.com\/index.php\/wp-json\/wp\/v2\/pages\/191","targetHints":{"allow":["GET"]}}],"collection":[{"href":"https:\/\/hasimajelevator.com\/index.php\/wp-json\/wp\/v2\/pages"}],"about":[{"href":"https:\/\/hasimajelevator.com\/index.php\/wp-json\/wp\/v2\/types\/page"}],"author":[{"embeddable":true,"href":"https:\/\/hasimajelevator.com\/index.php\/wp-json\/wp\/v2\/users\/1"}],"replies":[{"embeddable":true,"href":"https:\/\/hasimajelevator.com\/index.php\/wp-json\/wp\/v2\/comments?post=191"}],"version-history":[{"count":6,"href":"https:\/\/hasimajelevator.com\/index.php\/wp-json\/wp\/v2\/pages\/191\/revisions"}],"predecessor-version":[{"id":381,"href":"https:\/\/hasimajelevator.com\/index.php\/wp-json\/wp\/v2\/pages\/191\/revisions\/381"}],"wp:attachment":[{"href":"https:\/\/hasimajelevator.com\/index.php\/wp-json\/wp\/v2\/media?parent=191"}],"curies":[{"name":"wp","href":"https:\/\/api.w.org\/{rel}","templated":true}]}}