{"id":170,"date":"2020-06-17T10:24:04","date_gmt":"2020-06-17T10:24:04","guid":{"rendered":"https:\/\/hasimajelevator.com\/?page_id=170"},"modified":"2023-11-08T13:55:35","modified_gmt":"2023-11-08T13:55:35","slug":"instalim-ashensori","status":"publish","type":"page","link":"https:\/\/hasimajelevator.com\/index.php\/instalim-ashensori\/","title":{"rendered":"Instalim Ashensori"},"content":{"rendered":"<div class=\"wpb-content-wrapper\"><p>[vc_row][vc_column width=&#8221;1\/2&#8243;][vc_empty_space height=&#8221;40px&#8221;][vc_single_image image=&#8221;106&#8243; img_size=&#8221;full&#8221; image_hovers=&#8221;false&#8221;][vc_custom_heading text=&#8221;INSTALIM ASHENSORI&#8221; font_container=&#8221;tag:h2|text_align:justify|color:%231d59c8&#8243; google_fonts=&#8221;font_family:Roboto%3A100%2C100italic%2C300%2C300italic%2Cregular%2Citalic%2C500%2C500italic%2C700%2C700italic%2C900%2C900italic|font_style:300%20light%20regular%3A300%3Anormal&#8221;][vc_column_text]Kompania jone krahas shitjes dhe mir\u00ebmbajtjes se ashensor\u00ebve, merret gjithashtu me instalimin e tyre. Instalimi behet konform projektit te prodhuesit dhe Direktivave Europiane 2014\/33\/EU. Stafi yn\u00eb p\u00ebrb\u00ebhet nga specialist\u00eb q\u00eb kan\u00eb trajnimin, formimin e duhur dhe mbi t\u00eb gjitha kan\u00eb ekperienc\u00eb p\u00ebr m\u00eb shum\u00eb se nj\u00eb dekad\u00eb n\u00eb instalimin e t\u00eb gjithe llojet e ashensor\u00ebve: hidraulik, elektrik, panoramik, platforme industriale, ashensor makinash, etj,\u2026[\/vc_column_text][\/vc_column][vc_column width=&#8221;1\/2&#8243;][vc_media_grid style=&#8221;pagination&#8221; items_per_page=&#8221;1&#8243; element_width=&#8221;12&#8243; paging_color=&#8221;blue&#8221; grid_id=&#8221;vc_gid:1699451693661-abdbe0ee-3b88-1&#8243; include=&#8221;321,323&#8243;][\/vc_column][\/vc_row]<\/p>\n<\/div>","protected":false},"excerpt":{"rendered":"<p>[vc_row][vc_column width=&#8221;1\/2&#8243;][vc_empty_space height=&#8221;40px&#8221;][vc_single_image image=&#8221;106&#8243; img_size=&#8221;full&#8221; image_hovers=&#8221;false&#8221;][vc_custom_heading text=&#8221;INSTALIM ASHENSORI&#8221; font_container=&#8221;tag:h2|text_align:justify|color:%231d59c8&#8243; google_fonts=&#8221;font_family:Roboto%3A100%2C100italic%2C300%2C300italic%2Cregular%2Citalic%2C500%2C500italic%2C700%2C700italic%2C900%2C900italic|font_style:300%20light%20regular%3A300%3Anormal&#8221;][vc_column_text]Kompania jone krahas shitjes dhe mir\u00ebmbajtjes se ashensor\u00ebve, merret gjithashtu me instalimin e tyre. Instalimi behet konform projektit te prodhuesit dhe Direktivave Europiane 2014\/33\/EU. Stafi yn\u00eb p\u00ebrb\u00ebhet nga specialist\u00eb q\u00eb kan\u00eb trajnimin, formimin e duhur dhe mbi t\u00eb gjitha kan\u00eb ekperienc\u00eb p\u00ebr m\u00eb shum\u00eb se nj\u00eb&hellip;<\/p>\n","protected":false},"author":1,"featured_media":0,"parent":0,"menu_order":0,"comment_status":"closed","ping_status":"closed","template":"","meta":{"footnotes":""},"class_list":["post-170","page","type-page","status-publish","hentry","description-off"],"_links":{"self":[{"href":"https:\/\/hasimajelevator.com\/index.php\/wp-json\/wp\/v2\/pages\/170","targetHints":{"allow":["GET"]}}],"collection":[{"href":"https:\/\/hasimajelevator.com\/index.php\/wp-json\/wp\/v2\/pages"}],"about":[{"href":"https:\/\/hasimajelevator.com\/index.php\/wp-json\/wp\/v2\/types\/page"}],"author":[{"embeddable":true,"href":"https:\/\/hasimajelevator.com\/index.php\/wp-json\/wp\/v2\/users\/1"}],"replies":[{"embeddable":true,"href":"https:\/\/hasimajelevator.com\/index.php\/wp-json\/wp\/v2\/comments?post=170"}],"version-history":[{"count":8,"href":"https:\/\/hasimajelevator.com\/index.php\/wp-json\/wp\/v2\/pages\/170\/revisions"}],"predecessor-version":[{"id":394,"href":"https:\/\/hasimajelevator.com\/index.php\/wp-json\/wp\/v2\/pages\/170\/revisions\/394"}],"wp:attachment":[{"href":"https:\/\/hasimajelevator.com\/index.php\/wp-json\/wp\/v2\/media?parent=170"}],"curies":[{"name":"wp","href":"https:\/\/api.w.org\/{rel}","templated":true}]}}