{"id":163,"date":"2020-06-17T10:18:46","date_gmt":"2020-06-17T10:18:46","guid":{"rendered":"https:\/\/hasimajelevator.com\/?page_id=163"},"modified":"2023-11-08T13:53:51","modified_gmt":"2023-11-08T13:53:51","slug":"modernizim-ashensori","status":"publish","type":"page","link":"https:\/\/hasimajelevator.com\/index.php\/modernizim-ashensori\/","title":{"rendered":"Modernizim Ashensori"},"content":{"rendered":"<div class=\"wpb-content-wrapper\"><p>[vc_row][vc_column width=&#8221;1\/2&#8243; offset=&#8221;vc_hidden-sm vc_hidden-xs&#8221;][vc_empty_space height=&#8221;42px&#8221;][vc_empty_space height=&#8221;42px&#8221;][vc_custom_heading text=&#8221;MODERNIZIM ASHENSORI&#8221; font_container=&#8221;tag:h3|text_align:left|color:1d59c8&#8243; google_fonts=&#8221;font_family:Roboto%3A100%2C100italic%2C300%2C300italic%2Cregular%2Citalic%2C500%2C500italic%2C700%2C700italic%2C900%2C900italic|font_style:300%20light%20regular%3A300%3Anormal&#8221;][vc_empty_space height=&#8221;12px&#8221;][vc_column_text]Kompania jone merr p\u00ebrsip\u00ebr modernizimin p\u00ebr cdo mark\u00eb\/tipi ashensori, duke rritur nivelin e siguris\u00eb p\u00ebr transportin vertikal t\u00eb pasagjereve, duke p\u00ebrdor nje dizajn m\u00eb modern p\u00ebr ashensorin, duke reduktuar kostot e mir\u00ebmbajtjes dhe duke ulur p\u00ebrdorimin e energjis\u00eb.<\/p>\n<p>Nj\u00eb ekip i specializuar dhe me p\u00ebrvoj\u00eb punon vazhdimisht duke aplikuar zgjidhjet m\u00eb t\u00eb mira p\u00ebr cdo projekt. Standaret qe perdoren jane EN81-20 dhe EN 81-21.[\/vc_column_text][\/vc_column][vc_column width=&#8221;1\/2&#8243; offset=&#8221;vc_hidden-sm vc_hidden-xs&#8221;][vc_single_image image=&#8221;327&#8243; img_size=&#8221;350&#215;550&#8243; alignment=&#8221;center&#8221; style=&#8221;vc_box_border&#8221; image_hovers=&#8221;false&#8221;][\/vc_column][\/vc_row]<\/p>\n<\/div>","protected":false},"excerpt":{"rendered":"<p>[vc_row][vc_column width=&#8221;1\/2&#8243; offset=&#8221;vc_hidden-sm vc_hidden-xs&#8221;][vc_empty_space height=&#8221;42px&#8221;][vc_empty_space height=&#8221;42px&#8221;][vc_custom_heading text=&#8221;MODERNIZIM ASHENSORI&#8221; font_container=&#8221;tag:h3|text_align:left|color:1d59c8&#8243; google_fonts=&#8221;font_family:Roboto%3A100%2C100italic%2C300%2C300italic%2Cregular%2Citalic%2C500%2C500italic%2C700%2C700italic%2C900%2C900italic|font_style:300%20light%20regular%3A300%3Anormal&#8221;][vc_empty_space height=&#8221;12px&#8221;][vc_column_text]Kompania jone merr p\u00ebrsip\u00ebr modernizimin p\u00ebr cdo mark\u00eb\/tipi ashensori, duke rritur nivelin e siguris\u00eb p\u00ebr transportin vertikal t\u00eb pasagjereve, duke p\u00ebrdor nje dizajn m\u00eb modern p\u00ebr ashensorin, duke reduktuar kostot e mir\u00ebmbajtjes dhe duke ulur p\u00ebrdorimin e energjis\u00eb. Nj\u00eb ekip i specializuar dhe me p\u00ebrvoj\u00eb&hellip;<\/p>\n","protected":false},"author":1,"featured_media":0,"parent":0,"menu_order":0,"comment_status":"closed","ping_status":"closed","template":"","meta":{"footnotes":""},"class_list":["post-163","page","type-page","status-publish","hentry","description-off"],"_links":{"self":[{"href":"https:\/\/hasimajelevator.com\/index.php\/wp-json\/wp\/v2\/pages\/163","targetHints":{"allow":["GET"]}}],"collection":[{"href":"https:\/\/hasimajelevator.com\/index.php\/wp-json\/wp\/v2\/pages"}],"about":[{"href":"https:\/\/hasimajelevator.com\/index.php\/wp-json\/wp\/v2\/types\/page"}],"author":[{"embeddable":true,"href":"https:\/\/hasimajelevator.com\/index.php\/wp-json\/wp\/v2\/users\/1"}],"replies":[{"embeddable":true,"href":"https:\/\/hasimajelevator.com\/index.php\/wp-json\/wp\/v2\/comments?post=163"}],"version-history":[{"count":6,"href":"https:\/\/hasimajelevator.com\/index.php\/wp-json\/wp\/v2\/pages\/163\/revisions"}],"predecessor-version":[{"id":388,"href":"https:\/\/hasimajelevator.com\/index.php\/wp-json\/wp\/v2\/pages\/163\/revisions\/388"}],"wp:attachment":[{"href":"https:\/\/hasimajelevator.com\/index.php\/wp-json\/wp\/v2\/media?parent=163"}],"curies":[{"name":"wp","href":"https:\/\/api.w.org\/{rel}","templated":true}]}}