{"id":157,"date":"2020-06-17T10:13:08","date_gmt":"2020-06-17T10:13:08","guid":{"rendered":"https:\/\/hasimajelevator.com\/?page_id=157"},"modified":"2023-11-08T13:53:33","modified_gmt":"2023-11-08T13:53:33","slug":"sisteme-parkimi","status":"publish","type":"page","link":"https:\/\/hasimajelevator.com\/index.php\/sisteme-parkimi\/","title":{"rendered":"Sisteme Parkimi"},"content":{"rendered":"<div class=\"wpb-content-wrapper\"><p>[vc_row][vc_column width=&#8221;1\/2&#8243; offset=&#8221;vc_hidden-sm vc_hidden-xs&#8221;][vc_empty_space height=&#8221;42px&#8221;][vc_empty_space height=&#8221;42px&#8221;][vc_custom_heading text=&#8221;SISTEME PARKIMI&#8221; font_container=&#8221;tag:h3|text_align:left|color:%231d59c8&#8243; google_fonts=&#8221;font_family:Roboto%3A100%2C100italic%2C300%2C300italic%2Cregular%2Citalic%2C500%2C500italic%2C700%2C700italic%2C900%2C900italic|font_style:300%20light%20regular%3A300%3Anormal&#8221;][vc_custom_heading text=&#8221;Ne ofrojme sisteme t\u00eb ndryshme parkimi p\u00ebr p\u00ebrdorim n\u00eb Hap\u00ebsirat publike, Rezidenciale, Qendrat Tregtare dhe Parkime private, pavarsisht<br \/>\nhap\u00ebsirave q\u00eb mund t\u00eb jen\u00eb t\u00eb limituara. Sistemet e parkimit jan\u00eb t\u00eb certifikuara dhe konform Standarteve Europiane t\u00eb siguris\u00eb .&#8221; font_container=&#8221;tag:h6|text_align:justify|color:%23333333&#8243; google_fonts=&#8221;font_family:Roboto%3A100%2C100italic%2C300%2C300italic%2Cregular%2Citalic%2C500%2C500italic%2C700%2C700italic%2C900%2C900italic|font_style:400%20regular%3A400%3Anormal&#8221;][vc_empty_space height=&#8221;12px&#8221;][\/vc_column][vc_column width=&#8221;1\/2&#8243; offset=&#8221;vc_hidden-sm vc_hidden-xs&#8221;][vc_single_image image=&#8221;299&#8243; img_size=&#8221;full&#8221; alignment=&#8221;center&#8221; style=&#8221;vc_box_border&#8221; image_hovers=&#8221;false&#8221;][\/vc_column][\/vc_row]<\/p>\n<\/div>","protected":false},"excerpt":{"rendered":"<p>[vc_row][vc_column width=&#8221;1\/2&#8243; offset=&#8221;vc_hidden-sm vc_hidden-xs&#8221;][vc_empty_space height=&#8221;42px&#8221;][vc_empty_space height=&#8221;42px&#8221;][vc_custom_heading text=&#8221;SISTEME PARKIMI&#8221; font_container=&#8221;tag:h3|text_align:left|color:%231d59c8&#8243; google_fonts=&#8221;font_family:Roboto%3A100%2C100italic%2C300%2C300italic%2Cregular%2Citalic%2C500%2C500italic%2C700%2C700italic%2C900%2C900italic|font_style:300%20light%20regular%3A300%3Anormal&#8221;][vc_custom_heading text=&#8221;Ne ofrojme sisteme t\u00eb ndryshme parkimi p\u00ebr p\u00ebrdorim n\u00eb Hap\u00ebsirat publike, Rezidenciale, Qendrat Tregtare dhe Parkime private, pavarsisht hap\u00ebsirave q\u00eb mund t\u00eb jen\u00eb t\u00eb limituara. Sistemet e parkimit jan\u00eb t\u00eb certifikuara dhe konform Standarteve Europiane t\u00eb siguris\u00eb .&#8221; font_container=&#8221;tag:h6|text_align:justify|color:%23333333&#8243; google_fonts=&#8221;font_family:Roboto%3A100%2C100italic%2C300%2C300italic%2Cregular%2Citalic%2C500%2C500italic%2C700%2C700italic%2C900%2C900italic|font_style:400%20regular%3A400%3Anormal&#8221;][vc_empty_space height=&#8221;12px&#8221;][\/vc_column][vc_column width=&#8221;1\/2&#8243; offset=&#8221;vc_hidden-sm vc_hidden-xs&#8221;][vc_single_image image=&#8221;299&#8243;&hellip;<\/p>\n","protected":false},"author":1,"featured_media":0,"parent":0,"menu_order":0,"comment_status":"closed","ping_status":"closed","template":"","meta":{"footnotes":""},"class_list":["post-157","page","type-page","status-publish","hentry","description-off"],"_links":{"self":[{"href":"https:\/\/hasimajelevator.com\/index.php\/wp-json\/wp\/v2\/pages\/157","targetHints":{"allow":["GET"]}}],"collection":[{"href":"https:\/\/hasimajelevator.com\/index.php\/wp-json\/wp\/v2\/pages"}],"about":[{"href":"https:\/\/hasimajelevator.com\/index.php\/wp-json\/wp\/v2\/types\/page"}],"author":[{"embeddable":true,"href":"https:\/\/hasimajelevator.com\/index.php\/wp-json\/wp\/v2\/users\/1"}],"replies":[{"embeddable":true,"href":"https:\/\/hasimajelevator.com\/index.php\/wp-json\/wp\/v2\/comments?post=157"}],"version-history":[{"count":4,"href":"https:\/\/hasimajelevator.com\/index.php\/wp-json\/wp\/v2\/pages\/157\/revisions"}],"predecessor-version":[{"id":387,"href":"https:\/\/hasimajelevator.com\/index.php\/wp-json\/wp\/v2\/pages\/157\/revisions\/387"}],"wp:attachment":[{"href":"https:\/\/hasimajelevator.com\/index.php\/wp-json\/wp\/v2\/media?parent=157"}],"curies":[{"name":"wp","href":"https:\/\/api.w.org\/{rel}","templated":true}]}}