{"id":101,"date":"2019-12-23T15:10:26","date_gmt":"2019-12-23T15:10:26","guid":{"rendered":"https:\/\/hasimajelevator.com\/?page_id=101"},"modified":"2023-11-08T13:56:11","modified_gmt":"2023-11-08T13:56:11","slug":"mirembajtje-ashensori","status":"publish","type":"page","link":"https:\/\/hasimajelevator.com\/index.php\/mirembajtje-ashensori\/","title":{"rendered":"Mir\u00ebmbajtje Ashensori"},"content":{"rendered":"<div class=\"wpb-content-wrapper\"><p>[vc_row][vc_column width=&#8221;1\/2&#8243;][vc_single_image image=&#8221;106&#8243; img_size=&#8221;full&#8221; image_hovers=&#8221;false&#8221;][vc_custom_heading text=&#8221;Mir\u00ebmbajtja e ashensor\u00ebve kryhet nga nj\u00eb ekip i specializuar dhe me eksperienc\u00eb n\u00eb k\u00ebt\u00eb fush\u00eb duke ofruar sh\u00ebrbim t\u00eb dedikuar ndaj klient\u00ebve tan\u00eb 24 or\u00eb\/dit\u00eb, n\u00eb 365 dit\u00eb\/vit. Kompania jon\u00eb ofron mir\u00ebmbajtje p\u00ebr t\u00eb gjitha llojet e ashensor\u00ebve. Kemi p\u00ebr q\u00ebllim q\u00eb t\u00eb b\u00ebjm\u00eb mir\u00ebmbajtje periodike p\u00ebr t\u00eb ulur sa m\u00eb shum\u00eb pranin\u00eb e defekteve, t\u00eb kemi performanc\u00eb t\u00eb besueshme dhe t\u00eb sigurt.&#8221; font_container=&#8221;tag:p|text_align:justify|color:%23333333&#8243; google_fonts=&#8221;font_family:Roboto%3A100%2C100italic%2C300%2C300italic%2Cregular%2Citalic%2C500%2C500italic%2C700%2C700italic%2C900%2C900italic|font_style:300%20light%20regular%3A300%3Anormal&#8221;][vc_row_inner][vc_column_inner width=&#8221;1\/2&#8243; css=&#8221;.vc_custom_1577116078407{border-right-width: 1px !important;border-right-color: #3366cc !important;border-right-style: solid !important;}&#8221;][vc_custom_heading text=&#8221;24 or\u00eb\/dit\u00eb&#8221; font_container=&#8221;tag:h2|text_align:center|color:%231d59c8&#8243; google_fonts=&#8221;font_family:Roboto%3A100%2C100italic%2C300%2C300italic%2Cregular%2Citalic%2C500%2C500italic%2C700%2C700italic%2C900%2C900italic|font_style:700%20bold%20regular%3A700%3Anormal&#8221;][\/vc_column_inner][vc_column_inner width=&#8221;1\/2&#8243;][vc_empty_space][vc_custom_heading text=&#8221;365 dit\u00eb\/vit&#8221; font_container=&#8221;tag:h2|text_align:center|color:%231d59c8&#8243; google_fonts=&#8221;font_family:Roboto%3A100%2C100italic%2C300%2C300italic%2Cregular%2Citalic%2C500%2C500italic%2C700%2C700italic%2C900%2C900italic|font_style:700%20bold%20regular%3A700%3Anormal&#8221;][\/vc_column_inner][\/vc_row_inner][\/vc_column][vc_column width=&#8221;1\/2&#8243;][vc_empty_space][vc_empty_space][vc_single_image image=&#8221;331&#8243; img_size=&#8221;full&#8221; alignment=&#8221;center&#8221; image_hovers=&#8221;false&#8221;][\/vc_column][\/vc_row]<\/p>\n<\/div>","protected":false},"excerpt":{"rendered":"<p>[vc_row][vc_column width=&#8221;1\/2&#8243;][vc_single_image image=&#8221;106&#8243; img_size=&#8221;full&#8221; image_hovers=&#8221;false&#8221;][vc_custom_heading text=&#8221;Mir\u00ebmbajtja e ashensor\u00ebve kryhet nga nj\u00eb ekip i specializuar dhe me eksperienc\u00eb n\u00eb k\u00ebt\u00eb fush\u00eb duke ofruar sh\u00ebrbim t\u00eb dedikuar ndaj klient\u00ebve tan\u00eb 24 or\u00eb\/dit\u00eb, n\u00eb 365 dit\u00eb\/vit. Kompania jon\u00eb ofron mir\u00ebmbajtje p\u00ebr t\u00eb gjitha llojet e ashensor\u00ebve. Kemi p\u00ebr q\u00ebllim q\u00eb t\u00eb b\u00ebjm\u00eb mir\u00ebmbajtje periodike p\u00ebr t\u00eb ulur sa&hellip;<\/p>\n","protected":false},"author":1,"featured_media":0,"parent":0,"menu_order":0,"comment_status":"closed","ping_status":"closed","template":"","meta":{"footnotes":""},"class_list":["post-101","page","type-page","status-publish","hentry","description-off"],"_links":{"self":[{"href":"https:\/\/hasimajelevator.com\/index.php\/wp-json\/wp\/v2\/pages\/101","targetHints":{"allow":["GET"]}}],"collection":[{"href":"https:\/\/hasimajelevator.com\/index.php\/wp-json\/wp\/v2\/pages"}],"about":[{"href":"https:\/\/hasimajelevator.com\/index.php\/wp-json\/wp\/v2\/types\/page"}],"author":[{"embeddable":true,"href":"https:\/\/hasimajelevator.com\/index.php\/wp-json\/wp\/v2\/users\/1"}],"replies":[{"embeddable":true,"href":"https:\/\/hasimajelevator.com\/index.php\/wp-json\/wp\/v2\/comments?post=101"}],"version-history":[{"count":8,"href":"https:\/\/hasimajelevator.com\/index.php\/wp-json\/wp\/v2\/pages\/101\/revisions"}],"predecessor-version":[{"id":395,"href":"https:\/\/hasimajelevator.com\/index.php\/wp-json\/wp\/v2\/pages\/101\/revisions\/395"}],"wp:attachment":[{"href":"https:\/\/hasimajelevator.com\/index.php\/wp-json\/wp\/v2\/media?parent=101"}],"curies":[{"name":"wp","href":"https:\/\/api.w.org\/{rel}","templated":true}]}}